{"id":311,"date":"2024-12-04T23:24:10","date_gmt":"2024-12-04T23:24:10","guid":{"rendered":"https:\/\/inteka.lombrizserver7.com\/?page_id=311"},"modified":"2025-05-06T02:23:42","modified_gmt":"2025-05-06T02:23:42","slug":"partners","status":"publish","type":"page","link":"https:\/\/inteka.uy\/en\/partners\/","title":{"rendered":"Partners"},"content":{"rendered":"\t\t<div data-elementor-type=\"wp-page\" data-elementor-id=\"311\" class=\"elementor elementor-311\" data-elementor-post-type=\"page\">\n\t\t\t\t<div class=\"elementor-element elementor-element-3ea9f36 e-flex e-con-boxed e-con e-parent\" data-id=\"3ea9f36\" data-element_type=\"container\" data-e-type=\"container\" data-settings=\"{&quot;jet_parallax_layout_list&quot;:[]}\">\n\t\t\t\t\t<div class=\"e-con-inner\">\n\t\t\t\t<div class=\"elementor-element elementor-element-5f0940e elementor-widget elementor-widget-heading\" data-id=\"5f0940e\" data-element_type=\"widget\" data-e-type=\"widget\" data-widget_type=\"heading.default\">\n\t\t\t\t\t<h2 class=\"elementor-heading-title elementor-size-default\">Alianzas<\/h2>\t\t\t\t<\/div>\n\t\t\t\t<div class=\"elementor-element elementor-element-4500e5d elementor-widget-divider--view-line elementor-widget elementor-widget-divider\" data-id=\"4500e5d\" data-element_type=\"widget\" data-e-type=\"widget\" data-widget_type=\"divider.default\">\n\t\t\t\t\t\t\t<div class=\"elementor-divider\">\n\t\t\t<span class=\"elementor-divider-separator\">\n\t\t\t\t\t\t<\/span>\n\t\t<\/div>\n\t\t\t\t\t\t<\/div>\n\t\t\t\t<div class=\"elementor-element elementor-element-293c788 elementor-widget elementor-widget-jet-listing-grid\" data-id=\"293c788\" data-element_type=\"widget\" data-e-type=\"widget\" data-settings=\"{&quot;columns&quot;:&quot;1&quot;,&quot;columns_mobile&quot;:&quot;1&quot;}\" data-widget_type=\"jet-listing-grid.default\">\n\t\t\t\t\t<div class=\"jet-listing-grid jet-listing\"><div class=\"jet-listing-grid__items grid-col-desk-1 grid-col-tablet-1 grid-col-mobile-1 jet-listing-grid--1100 jet-equal-columns__wrapper\" data-queried-id=\"311|WP_Post\" data-nav=\"{&quot;enabled&quot;:false,&quot;type&quot;:null,&quot;more_el&quot;:null,&quot;query&quot;:[],&quot;widget_settings&quot;:{&quot;lisitng_id&quot;:1100,&quot;posts_num&quot;:6,&quot;columns&quot;:1,&quot;columns_tablet&quot;:1,&quot;columns_mobile&quot;:1,&quot;column_min_width&quot;:240,&quot;column_min_width_tablet&quot;:240,&quot;column_min_width_mobile&quot;:240,&quot;inline_columns_css&quot;:false,&quot;is_archive_template&quot;:&quot;&quot;,&quot;post_status&quot;:[&quot;publish&quot;],&quot;use_random_posts_num&quot;:&quot;&quot;,&quot;max_posts_num&quot;:9,&quot;not_found_message&quot;:&quot;No data was found&quot;,&quot;is_masonry&quot;:false,&quot;equal_columns_height&quot;:&quot;yes&quot;,&quot;use_load_more&quot;:&quot;&quot;,&quot;load_more_id&quot;:&quot;&quot;,&quot;load_more_type&quot;:&quot;click&quot;,&quot;load_more_offset&quot;:{&quot;unit&quot;:&quot;px&quot;,&quot;size&quot;:0,&quot;sizes&quot;:[]},&quot;use_custom_post_types&quot;:&quot;&quot;,&quot;custom_post_types&quot;:[],&quot;hide_widget_if&quot;:&quot;&quot;,&quot;carousel_enabled&quot;:&quot;&quot;,&quot;slides_to_scroll&quot;:&quot;1&quot;,&quot;arrows&quot;:&quot;true&quot;,&quot;arrow_icon&quot;:&quot;fa fa-angle-left&quot;,&quot;dots&quot;:&quot;&quot;,&quot;autoplay&quot;:&quot;true&quot;,&quot;pause_on_hover&quot;:&quot;true&quot;,&quot;autoplay_speed&quot;:5000,&quot;infinite&quot;:&quot;true&quot;,&quot;center_mode&quot;:&quot;&quot;,&quot;effect&quot;:&quot;slide&quot;,&quot;speed&quot;:500,&quot;inject_alternative_items&quot;:&quot;&quot;,&quot;injection_items&quot;:[],&quot;scroll_slider_enabled&quot;:&quot;&quot;,&quot;scroll_slider_on&quot;:[&quot;desktop&quot;,&quot;tablet&quot;,&quot;mobile&quot;],&quot;custom_query&quot;:false,&quot;custom_query_id&quot;:&quot;&quot;,&quot;_element_id&quot;:&quot;&quot;,&quot;collapse_first_last_gap&quot;:false,&quot;list_items_wrapper_tag&quot;:&quot;div&quot;,&quot;list_item_tag&quot;:&quot;div&quot;,&quot;empty_items_wrapper_tag&quot;:&quot;div&quot;}}\" data-page=\"1\" data-pages=\"1\" data-listing-source=\"posts\" data-listing-id=\"1100\" data-query-id=\"\"><div class=\"jet-listing-grid__item jet-listing-dynamic-post-1095 jet-equal-columns\" data-post-id=\"1095\" ><style type=\"text\/css\">.jet-listing-dynamic-post-1095 .elementor-element.elementor-element-88a6b09::before, .jet-listing-dynamic-post-1095 .elementor-element.elementor-element-88a6b09 > .elementor-background-video-container::before, .jet-listing-dynamic-post-1095 .elementor-element.elementor-element-88a6b09 > .e-con-inner > .elementor-background-video-container::before, .jet-listing-dynamic-post-1095 .elementor-element.elementor-element-88a6b09 > .elementor-background-slideshow::before, .jet-listing-dynamic-post-1095 .elementor-element.elementor-element-88a6b09 > .e-con-inner > .elementor-background-slideshow::before, .jet-listing-dynamic-post-1095 .elementor-element.elementor-element-88a6b09 > .elementor-motion-effects-container > .elementor-motion-effects-layer::before{background-image:url(\"https:\/\/inteka.uy\/wp-content\/uploads\/2025\/03\/valmet-forward.svg\");}<\/style>\t\t<div data-elementor-type=\"jet-listing-items\" data-elementor-id=\"1100\" class=\"elementor elementor-1100\" data-elementor-post-type=\"jet-engine\">\n\t\t\t\t<a class=\"elementor-element elementor-element-f381ca2 animated-slow e-flex e-con-boxed elementor-invisible e-con e-parent\" data-id=\"f381ca2\" data-element_type=\"container\" data-e-type=\"container\" data-settings=\"{&quot;background_background&quot;:&quot;classic&quot;,&quot;jet_parallax_layout_list&quot;:[],&quot;animation&quot;:&quot;fadeIn&quot;}\" href=\"#1095\">\n\t\t\t\t\t<div class=\"e-con-inner\">\n\t\t<div class=\"elementor-element elementor-element-88a6b09 e-con-full e-flex e-con e-child\" data-id=\"88a6b09\" data-element_type=\"container\" data-e-type=\"container\" data-settings=\"{&quot;background_background&quot;:&quot;classic&quot;,&quot;jet_parallax_layout_list&quot;:[]}\">\n\t\t\t\t<div class=\"elementor-element elementor-element-32bac09 elementor-widget elementor-widget-spacer\" data-id=\"32bac09\" data-element_type=\"widget\" data-e-type=\"widget\" data-widget_type=\"spacer.default\">\n\t\t\t\t\t\t\t<div class=\"elementor-spacer\">\n\t\t\t<div class=\"elementor-spacer-inner\"><\/div>\n\t\t<\/div>\n\t\t\t\t\t\t<\/div>\n\t\t\t\t<\/div>\n\t\t<div class=\"elementor-element elementor-element-d5e5092 e-con-full e-flex e-con e-child\" data-id=\"d5e5092\" data-element_type=\"container\" data-e-type=\"container\" data-settings=\"{&quot;jet_parallax_layout_list&quot;:[]}\">\n\t\t\t\t<div class=\"elementor-element elementor-element-4fc9325 elementor-widget elementor-widget-heading\" data-id=\"4fc9325\" data-element_type=\"widget\" data-e-type=\"widget\" data-widget_type=\"heading.default\">\n\t\t\t\t\t<h3 class=\"elementor-heading-title elementor-size-default\">Valmet Automation<\/h3>\t\t\t\t<\/div>\n\t\t\t\t<div class=\"elementor-element elementor-element-8401e43 elementor-widget-divider--view-line elementor-widget elementor-widget-divider\" data-id=\"8401e43\" data-element_type=\"widget\" data-e-type=\"widget\" data-widget_type=\"divider.default\">\n\t\t\t\t\t\t\t<div class=\"elementor-divider\">\n\t\t\t<span class=\"elementor-divider-separator\">\n\t\t\t\t\t\t<\/span>\n\t\t<\/div>\n\t\t\t\t\t\t<\/div>\n\t\t\t\t<div class=\"elementor-element elementor-element-676db35 elementor-widget elementor-widget-text-editor\" data-id=\"676db35\" data-element_type=\"widget\" data-e-type=\"widget\" data-widget_type=\"text-editor.default\">\n\t\t\t\t\t\t\t\t\tValmet es el desarrollador y proveedor l\u00edder a nivel mundial de tecnolog\u00edas, automatizaci\u00f3n y servicios para las industrias de celulosa, papel y energ\u00eda. Cuenta con 12,000 profesionales alrededor del mundo, trabajando estrechamente con los clientes.\t\t\t\t\t\t\t\t<\/div>\n\t\t\t\t<\/div>\n\t\t\t\t\t<\/div>\n\t\t\t\t<\/a>\n\t\t\t\t<\/div>\n\t\t<\/div><\/div><\/div>\t\t\t\t<\/div>\n\t\t\t\t<div class=\"elementor-element elementor-element-21130aa elementor-widget-divider--view-line elementor-widget elementor-widget-divider\" data-id=\"21130aa\" data-element_type=\"widget\" data-e-type=\"widget\" data-widget_type=\"divider.default\">\n\t\t\t\t\t\t\t<div class=\"elementor-divider\">\n\t\t\t<span class=\"elementor-divider-separator\">\n\t\t\t\t\t\t<\/span>\n\t\t<\/div>\n\t\t\t\t\t\t<\/div>\n\t\t\t\t\t<\/div>\n\t\t\t\t<\/div>\n\t\t<div class=\"elementor-element elementor-element-57ec5d6 e-flex e-con-boxed e-con e-parent\" data-id=\"57ec5d6\" data-element_type=\"container\" data-e-type=\"container\" data-settings=\"{&quot;jet_parallax_layout_list&quot;:[]}\">\n\t\t\t\t\t<div class=\"e-con-inner\">\n\t\t\t\t<div class=\"elementor-element elementor-element-71c9929 elementor-widget elementor-widget-jet-listing-grid\" data-id=\"71c9929\" data-element_type=\"widget\" data-e-type=\"widget\" data-settings=\"{&quot;columns&quot;:&quot;1&quot;}\" data-widget_type=\"jet-listing-grid.default\">\n\t\t\t\t\t<div class=\"jet-listing-grid jet-listing\"><div class=\"jet-listing-grid__items grid-col-desk-1 grid-col-tablet-1 grid-col-mobile-1 jet-listing-grid--1097\" data-queried-id=\"311|WP_Post\" data-nav=\"{&quot;enabled&quot;:false,&quot;type&quot;:null,&quot;more_el&quot;:null,&quot;query&quot;:[],&quot;widget_settings&quot;:{&quot;lisitng_id&quot;:1097,&quot;posts_num&quot;:6,&quot;columns&quot;:1,&quot;columns_tablet&quot;:1,&quot;columns_mobile&quot;:1,&quot;column_min_width&quot;:240,&quot;column_min_width_tablet&quot;:240,&quot;column_min_width_mobile&quot;:240,&quot;inline_columns_css&quot;:false,&quot;is_archive_template&quot;:&quot;&quot;,&quot;post_status&quot;:[&quot;publish&quot;],&quot;use_random_posts_num&quot;:&quot;&quot;,&quot;max_posts_num&quot;:9,&quot;not_found_message&quot;:&quot;No data was found&quot;,&quot;is_masonry&quot;:false,&quot;equal_columns_height&quot;:&quot;&quot;,&quot;use_load_more&quot;:&quot;&quot;,&quot;load_more_id&quot;:&quot;&quot;,&quot;load_more_type&quot;:&quot;click&quot;,&quot;load_more_offset&quot;:{&quot;unit&quot;:&quot;px&quot;,&quot;size&quot;:0,&quot;sizes&quot;:[]},&quot;use_custom_post_types&quot;:&quot;&quot;,&quot;custom_post_types&quot;:[],&quot;hide_widget_if&quot;:&quot;&quot;,&quot;carousel_enabled&quot;:&quot;&quot;,&quot;slides_to_scroll&quot;:&quot;1&quot;,&quot;arrows&quot;:&quot;true&quot;,&quot;arrow_icon&quot;:&quot;fa fa-angle-left&quot;,&quot;dots&quot;:&quot;&quot;,&quot;autoplay&quot;:&quot;true&quot;,&quot;pause_on_hover&quot;:&quot;true&quot;,&quot;autoplay_speed&quot;:5000,&quot;infinite&quot;:&quot;true&quot;,&quot;center_mode&quot;:&quot;&quot;,&quot;effect&quot;:&quot;slide&quot;,&quot;speed&quot;:500,&quot;inject_alternative_items&quot;:&quot;&quot;,&quot;injection_items&quot;:[],&quot;scroll_slider_enabled&quot;:&quot;&quot;,&quot;scroll_slider_on&quot;:[&quot;desktop&quot;,&quot;tablet&quot;,&quot;mobile&quot;],&quot;custom_query&quot;:false,&quot;custom_query_id&quot;:&quot;&quot;,&quot;_element_id&quot;:&quot;&quot;,&quot;collapse_first_last_gap&quot;:false,&quot;list_items_wrapper_tag&quot;:&quot;div&quot;,&quot;list_item_tag&quot;:&quot;div&quot;,&quot;empty_items_wrapper_tag&quot;:&quot;div&quot;}}\" data-page=\"1\" data-pages=\"1\" data-listing-source=\"posts\" data-listing-id=\"1097\" data-query-id=\"\"><div class=\"jet-listing-grid__item jet-listing-dynamic-post-1095\" data-post-id=\"1095\" >\t\t<div data-elementor-type=\"jet-listing-items\" data-elementor-id=\"1097\" class=\"elementor elementor-1097\" data-elementor-post-type=\"jet-engine\">\n\t\t\t\t<div class=\"elementor-element elementor-element-9ac5693 e-flex e-con-boxed e-con e-parent\" data-id=\"9ac5693\" data-element_type=\"container\" data-e-type=\"container\" id=\"1095\" data-settings=\"{&quot;background_background&quot;:&quot;classic&quot;,&quot;jet_parallax_layout_list&quot;:[]}\">\n\t\t\t\t\t<div class=\"e-con-inner\">\n\t\t<div class=\"elementor-element elementor-element-f244718 e-con-full e-flex e-con e-child\" data-id=\"f244718\" data-element_type=\"container\" data-e-type=\"container\" data-settings=\"{&quot;jet_parallax_layout_list&quot;:[]}\">\n\t\t\t\t<div class=\"elementor-element elementor-element-554e34e elementor-widget elementor-widget-image\" data-id=\"554e34e\" data-element_type=\"widget\" data-e-type=\"widget\" data-widget_type=\"image.default\">\n\t\t\t\t\t\t\t\t\t\t\t\t\t\t\t<img alt=\"\" loading=\"lazy\" decoding=\"async\" loading=\"lazy\" width=\"240\" height=\"65\" src=\"https:\/\/inteka.uy\/wp-content\/uploads\/2025\/03\/valmet-forward.svg\" class=\"attachment-large size-large wp-image-1096\" alt=\"\" \/>\t\t\t\t\t\t\t\t\t\t\t\t\t\t\t<\/div>\n\t\t\t\t<\/div>\n\t\t<div class=\"elementor-element elementor-element-5ae6b23 e-con-full e-flex e-con e-child\" data-id=\"5ae6b23\" data-element_type=\"container\" data-e-type=\"container\" data-settings=\"{&quot;jet_parallax_layout_list&quot;:[]}\">\n\t\t\t\t<div class=\"elementor-element elementor-element-a4f5864 elementor-widget elementor-widget-text-editor\" data-id=\"a4f5864\" data-element_type=\"widget\" data-e-type=\"widget\" data-widget_type=\"text-editor.default\">\n\t\t\t\t\t\t\t\t\t<p>Inteka es partner de la empresa multinacional Valmet Automation. Desde Inteka representamos comercialmente a Valmet en la regi\u00f3n, pero tambi\u00e9n somos partners de ingenier\u00eda a nivel global. Esto potencia nuestra oferta y adem\u00e1s nos obliga a mantenernos alineados con los m\u00e1s altos est\u00e1ndares de desempe\u00f1o y seguridad.<\/p>\n<p>Actualmente Inteka representa a Valmet en los siguientes mercados:<\/p>\n<p><strong>Uruguay:<\/strong><\/p>\n<ul>\n<li>Distribuidor Flow Control<\/li>\n<li>Agente Valmet Automation<\/li>\n<li>Automation Engineering Partner<\/li>\n<\/ul>\n<p><strong>Paraguay:<\/strong><\/p>\n<ul>\n<li>Distribuidor Flow Control<\/li>\n<li>Agente Valmet Automation<\/li>\n<li>Automation Engineering Partner<\/li>\n<\/ul>\n<p><strong>Argentina:<\/strong><\/p>\n<ul>\n<li>Agente Valmet Automation<\/li>\n<li>Automation Engineering Partner<\/li>\n<\/ul>\n<p><strong>A nivel global:<\/strong><\/p>\n<ul>\n<li>Automation Engineering Partner<\/li>\n<\/ul>\n\t\t\t\t\t\t\t\t<\/div>\n\t\t\t\t<\/div>\n\t\t\t\t\t<\/div>\n\t\t\t\t<\/div>\n\t\t\t\t<\/div>\n\t\t<\/div><\/div><\/div>\t\t\t\t<\/div>\n\t\t\t\t\t<\/div>\n\t\t\t\t<\/div>\n\t\t\t\t<\/div>\n\t\t","protected":false},"excerpt":{"rendered":"<p>Alliances \u00a0<\/p>","protected":false},"author":1,"featured_media":506,"parent":0,"menu_order":0,"comment_status":"closed","ping_status":"closed","template":"","meta":{"_seopress_robots_primary_cat":"","_seopress_titles_title":"","_seopress_titles_desc":"","_seopress_robots_index":"","nf_dc_page":"","footnotes":""},"class_list":["post-311","page","type-page","status-publish","has-post-thumbnail","hentry"],"_links":{"self":[{"href":"https:\/\/inteka.uy\/en\/wp-json\/wp\/v2\/pages\/311","targetHints":{"allow":["GET"]}}],"collection":[{"href":"https:\/\/inteka.uy\/en\/wp-json\/wp\/v2\/pages"}],"about":[{"href":"https:\/\/inteka.uy\/en\/wp-json\/wp\/v2\/types\/page"}],"author":[{"embeddable":true,"href":"https:\/\/inteka.uy\/en\/wp-json\/wp\/v2\/users\/1"}],"replies":[{"embeddable":true,"href":"https:\/\/inteka.uy\/en\/wp-json\/wp\/v2\/comments?post=311"}],"version-history":[{"count":51,"href":"https:\/\/inteka.uy\/en\/wp-json\/wp\/v2\/pages\/311\/revisions"}],"predecessor-version":[{"id":1201,"href":"https:\/\/inteka.uy\/en\/wp-json\/wp\/v2\/pages\/311\/revisions\/1201"}],"wp:featuredmedia":[{"embeddable":true,"href":"https:\/\/inteka.uy\/en\/wp-json\/wp\/v2\/media\/506"}],"wp:attachment":[{"href":"https:\/\/inteka.uy\/en\/wp-json\/wp\/v2\/media?parent=311"}],"curies":[{"name":"wp","href":"https:\/\/api.w.org\/{rel}","templated":true}]}}